{"id":35,"date":"2026-04-14T06:23:50","date_gmt":"2026-04-14T06:23:50","guid":{"rendered":"https:\/\/fagerlonn.picknickmedia.se\/?page_id=35"},"modified":"2026-04-21T08:27:40","modified_gmt":"2026-04-21T08:27:40","slug":"infiltration","status":"publish","type":"page","link":"https:\/\/fagerlonn.picknickmedia.se\/index.php\/infiltration\/","title":{"rendered":"Infiltration"},"content":{"rendered":"<div class=\"et_pb_section_0 et_pb_section et_pb_section--absolute et_section_regular et_block_section\">\n<div class=\"et_pb_row_0 et_pb_row et_block_row\">\n<div class=\"et_pb_column_0 et_pb_column et_pb_column_4_4 et-last-child et_block_column et_pb_css_mix_blend_mode_passthrough\">\n<div class=\"et_pb_text_0 et_pb_text et_pb_bg_layout_light et_pb_module et_block_module\"><div class=\"et_pb_text_inner\"><p><!-- wp:divi\/placeholder \/--><\/p>\n<\/div><\/div>\n<\/div>\n<\/div>\n<\/div>\n\n<div class=\"et_pb_section_1 et_pb_section et_section_regular et_flex_section\">\n<div class=\"et_pb_row_1 et_pb_row et_flex_row\">\n<div class=\"et_pb_column_1 et_pb_column et_flex_column et_pb_css_mix_blend_mode_passthrough et_flex_column_12_24 et_flex_column_12_24_tablet et_flex_column_24_24_phone\">\n<div class=\"et_pb_heading_0 et_pb_heading et_pb_module et_flex_module\"><div class=\"et_pb_heading_container\"><h1 class=\"et_pb_module_header\">Infiltration<\/h1><\/div><\/div>\n<\/div>\n\n<div class=\"et_pb_column_2 et_pb_column et-last-child et_flex_column et_pb_column_empty et_pb_css_mix_blend_mode_passthrough et_flex_column_12_24 et_flex_column_12_24_tablet et_flex_column_24_24_phone\"><\/div>\n<\/div>\n<\/div>\n\n<div class=\"et_pb_section_2 et_pb_section et_section_regular et_flex_section\">\n<div class=\"et_pb_row_2 et_pb_row et_flex_row\">\n<div class=\"et_pb_column_3 et_pb_column et_flex_column et_pb_css_mix_blend_mode_passthrough et_flex_column_12_24 et_flex_column_12_24_tablet et_flex_column_24_24_phone\">\n<div class=\"et_pb_text_1 et_pb_text et_pb_bg_layout_light et_pb_module et_flex_module\"><div class=\"et_pb_text_inner\"><p>Tj\u00e4nst<\/p>\n<\/div><\/div>\n\n<div class=\"et_pb_heading_1 et_pb_heading et_pb_module et_flex_module\"><div class=\"et_pb_heading_container\"><h2 class=\"et_pb_module_header\">Infiltration i Pite\u00e5<\/h2><\/div><\/div>\n\n<div class=\"et_pb_text_2 et_pb_text et_pb_bg_layout_light et_pb_module et_flex_module\"><div class=\"et_pb_text_inner\"><p>En infiltrationsanl\u00e4ggning \u00e4r en bepr\u00f6vad och milj\u00f6v\u00e4nlig l\u00f6sning f\u00f6r att rena avloppsvatten. Genom att vattnet filtreras naturligt i marken skapas en effektiv och h\u00e5llbar hantering av avloppet.<\/p>\n<\/div><\/div>\n\n<div class=\"et_pb_heading_2 et_pb_heading et_pb_module et_flex_module\"><div class=\"et_pb_heading_container\"><h3 class=\"et_pb_module_header\">F\u00f6ruts\u00e4ttningar och planering<\/h3><\/div><\/div>\n\n<div class=\"et_pb_text_3 et_pb_text et_pb_bg_layout_light et_pb_module et_flex_module\"><div class=\"et_pb_text_inner\"><p data-start=\"521\" data-end=\"755\">F\u00f6r att en infiltration ska fungera kr\u00e4vs r\u00e4tt markf\u00f6rh\u00e5llanden. Vi unders\u00f6ker marken och planerar anl\u00e4ggningen utifr\u00e5n tomtens f\u00f6ruts\u00e4ttningar samt g\u00e4llande krav, s\u00e5 att systemet fungerar optimalt.<\/p>\n<\/div><\/div>\n\n<div class=\"et_pb_heading_3 et_pb_heading et_pb_module et_flex_module\"><div class=\"et_pb_heading_container\"><h3 class=\"et_pb_module_header\">Uppbyggnad av anl\u00e4ggning<\/h3><\/div><\/div>\n\n<div class=\"et_pb_text_4 et_pb_text et_pb_bg_layout_light et_pb_module et_flex_module\"><div class=\"et_pb_text_inner\"><p data-start=\"1038\" data-end=\"1116\">Vi anl\u00e4gger infiltrationssystem med spridningsledningar och uppbyggnad av r\u00e4tt lager i marken. Varje steg utf\u00f6rs noggrant f\u00f6r att s\u00e4kerst\u00e4lla att avloppsvattnet renas p\u00e5 ett effektivt s\u00e4tt.<\/p>\n<\/div><\/div>\n\n<div class=\"et_pb_heading_4 et_pb_heading et_pb_module et_flex_module\"><div class=\"et_pb_heading_container\"><h3 class=\"et_pb_module_header\">Funktion och h\u00e5llbarhet<\/h3><\/div><\/div>\n\n<div class=\"et_pb_text_5 et_pb_text et_pb_bg_layout_light et_pb_module et_flex_module\"><div class=\"et_pb_text_inner\"><p data-start=\"1038\" data-end=\"1116\">En korrekt utf\u00f6rd infiltration ger en drifts\u00e4ker l\u00f6sning med l\u00e5ng livsl\u00e4ngd. Systemet kr\u00e4ver minimalt underh\u00e5ll och \u00e4r anpassat f\u00f6r att fungera \u00f6ver tid utan problem.<\/p>\n<\/div><\/div>\n\n<div class=\"et_pb_heading_5 et_pb_heading et_pb_module et_flex_module\"><div class=\"et_pb_heading_container\"><h3 class=\"et_pb_module_header\">En trygg avloppsl\u00f6sning<\/h3><\/div><\/div>\n\n<div class=\"et_pb_text_6 et_pb_text et_pb_bg_layout_light et_pb_module et_flex_module\"><div class=\"et_pb_text_inner\"><p data-start=\"1038\" data-end=\"1116\">Vi hj\u00e4lper dig genom hela processen \u2013 fr\u00e5n planering till f\u00e4rdig anl\u00e4ggning. Med r\u00e4tt utf\u00f6rande f\u00e5r du en s\u00e4ker och h\u00e5llbar l\u00f6sning som uppfyller b\u00e5de dina behov och myndigheternas krav.<\/p>\n<\/div><\/div>\n\n<div class=\"et_pb_module et_pb_button_module_wrapper et_pb_button_0_wrapper\"><a class=\"et_pb_button_0 et_pb_button et_pb_bg_layout_light et_pb_module et_flex_module\" href=\"\" data-icon=\"=\">Kontakta oss<\/a><\/div>\n<\/div>\n\n<div class=\"et_pb_column_4 et_pb_column et-last-child et_flex_column et_pb_css_mix_blend_mode_passthrough et_flex_column_12_24 et_flex_column_12_24_tablet et_flex_column_24_24_phone\">\n<div class=\"et_pb_image_0 et_pb_image et_pb_module et_flex_module\"><span class=\"et_pb_image_wrap\"><img loading=\"lazy\" decoding=\"async\" src=\"https:\/\/fagerlonn.picknickmedia.se\/wp-content\/uploads\/2026\/04\/heavy-excavator-digging-day-light-outdoors-scaled.jpg\" title=\"heavy-excavator-digging-day-light-outdoors\" width=\"1707\" height=\"2560\" srcset=\"https:\/\/fagerlonn.picknickmedia.se\/wp-content\/uploads\/2026\/04\/heavy-excavator-digging-day-light-outdoors-scaled.jpg 1707w, https:\/\/fagerlonn.picknickmedia.se\/wp-content\/uploads\/2026\/04\/heavy-excavator-digging-day-light-outdoors-1280x1920.jpg 1280w, https:\/\/fagerlonn.picknickmedia.se\/wp-content\/uploads\/2026\/04\/heavy-excavator-digging-day-light-outdoors-980x1470.jpg 980w, https:\/\/fagerlonn.picknickmedia.se\/wp-content\/uploads\/2026\/04\/heavy-excavator-digging-day-light-outdoors-480x720.jpg 480w\" sizes=\"(min-width: 0px) and (max-width: 480px) 480px, (min-width: 481px) and (max-width: 980px) 980px, (min-width: 981px) and (max-width: 1280px) 1280px, (min-width: 1281px) 1707px, 100vw\" class=\"wp-image-390\" \/><\/span><\/div>\n<\/div>\n<\/div>\n<\/div>","protected":false},"excerpt":{"rendered":"","protected":false},"author":2,"featured_media":0,"parent":0,"menu_order":0,"comment_status":"closed","ping_status":"closed","template":"","meta":{"footnotes":""},"class_list":["post-35","page","type-page","status-publish","hentry"],"_links":{"self":[{"href":"https:\/\/fagerlonn.picknickmedia.se\/index.php\/wp-json\/wp\/v2\/pages\/35","targetHints":{"allow":["GET"]}}],"collection":[{"href":"https:\/\/fagerlonn.picknickmedia.se\/index.php\/wp-json\/wp\/v2\/pages"}],"about":[{"href":"https:\/\/fagerlonn.picknickmedia.se\/index.php\/wp-json\/wp\/v2\/types\/page"}],"author":[{"embeddable":true,"href":"https:\/\/fagerlonn.picknickmedia.se\/index.php\/wp-json\/wp\/v2\/users\/2"}],"replies":[{"embeddable":true,"href":"https:\/\/fagerlonn.picknickmedia.se\/index.php\/wp-json\/wp\/v2\/comments?post=35"}],"version-history":[{"count":4,"href":"https:\/\/fagerlonn.picknickmedia.se\/index.php\/wp-json\/wp\/v2\/pages\/35\/revisions"}],"predecessor-version":[{"id":406,"href":"https:\/\/fagerlonn.picknickmedia.se\/index.php\/wp-json\/wp\/v2\/pages\/35\/revisions\/406"}],"wp:attachment":[{"href":"https:\/\/fagerlonn.picknickmedia.se\/index.php\/wp-json\/wp\/v2\/media?parent=35"}],"curies":[{"name":"wp","href":"https:\/\/api.w.org\/{rel}","templated":true}]}}