{"id":37,"date":"2026-04-14T06:26:38","date_gmt":"2026-04-14T06:26:38","guid":{"rendered":"https:\/\/fagerlonn.picknickmedia.se\/?page_id=37"},"modified":"2026-04-21T08:34:06","modified_gmt":"2026-04-21T08:34:06","slug":"avloppsanlaggningar","status":"publish","type":"page","link":"https:\/\/fagerlonn.picknickmedia.se\/index.php\/avloppsanlaggningar\/","title":{"rendered":"Avloppsanl\u00e4ggningar"},"content":{"rendered":"<div class=\"et_pb_section_0 et_pb_section et_pb_section--absolute et_section_regular et_block_section\">\n<div class=\"et_pb_row_0 et_pb_row et_block_row\">\n<div class=\"et_pb_column_0 et_pb_column et_pb_column_4_4 et-last-child et_block_column et_pb_css_mix_blend_mode_passthrough\">\n<div class=\"et_pb_text_0 et_pb_text et_pb_bg_layout_light et_pb_module et_block_module\"><div class=\"et_pb_text_inner\"><p><!-- wp:divi\/placeholder \/--><\/p>\n<\/div><\/div>\n<\/div>\n<\/div>\n<\/div>\n\n<div class=\"et_pb_section_1 et_pb_section et_section_regular et_flex_section\">\n<div class=\"et_pb_row_1 et_pb_row et_flex_row\">\n<div class=\"et_pb_column_1 et_pb_column et_flex_column et_pb_css_mix_blend_mode_passthrough et_flex_column_12_24 et_flex_column_12_24_tablet et_flex_column_24_24_phone\">\n<div class=\"et_pb_heading_0 et_pb_heading et_pb_module et_flex_module\"><div class=\"et_pb_heading_container\"><h1 class=\"et_pb_module_header\">Avlopp<\/h1><\/div><\/div>\n<\/div>\n\n<div class=\"et_pb_column_2 et_pb_column et-last-child et_flex_column et_pb_column_empty et_pb_css_mix_blend_mode_passthrough et_flex_column_12_24 et_flex_column_12_24_tablet et_flex_column_24_24_phone\"><\/div>\n<\/div>\n<\/div>\n\n<div class=\"et_pb_section_2 et_pb_section et_section_regular et_flex_section\">\n<div class=\"et_pb_row_2 et_pb_row et_flex_row\">\n<div class=\"et_pb_column_3 et_pb_column et_flex_column et_pb_css_mix_blend_mode_passthrough et_flex_column_12_24 et_flex_column_12_24_tablet et_flex_column_24_24_phone\">\n<div class=\"et_pb_text_1 et_pb_text et_pb_bg_layout_light et_pb_module et_flex_module\"><div class=\"et_pb_text_inner\"><p>Tj\u00e4nst<\/p>\n<\/div><\/div>\n\n<div class=\"et_pb_heading_1 et_pb_heading et_pb_module et_flex_module\"><div class=\"et_pb_heading_container\"><h2 class=\"et_pb_module_header\">Avloppsanl\u00e4ggning i Pite\u00e5<\/h2><\/div><\/div>\n\n<div class=\"et_pb_text_2 et_pb_text et_pb_bg_layout_light et_pb_module et_flex_module\"><div class=\"et_pb_text_inner\"><p>En v\u00e4l fungerande avloppsanl\u00e4ggning \u00e4r avg\u00f6rande f\u00f6r b\u00e5de milj\u00f6 och fastighetens l\u00e5ngsiktiga funktion. Med r\u00e4tt l\u00f6sning s\u00e4kerst\u00e4lls att avloppsvattnet tas om hand p\u00e5 ett s\u00e4kert och effektivt s\u00e4tt.<\/p>\n<\/div><\/div>\n\n<div class=\"et_pb_heading_2 et_pb_heading et_pb_module et_flex_module\"><div class=\"et_pb_heading_container\"><h3 class=\"et_pb_module_header\">R\u00e4tt l\u00f6sning f\u00f6r din fastighet<\/h3><\/div><\/div>\n\n<div class=\"et_pb_text_3 et_pb_text et_pb_bg_layout_light et_pb_module et_flex_module\"><div class=\"et_pb_text_inner\"><p data-start=\"346\" data-end=\"556\">Valet av avloppsl\u00f6sning beror p\u00e5 markf\u00f6rh\u00e5llanden, fastighetens behov och g\u00e4llande krav. Vi hj\u00e4lper dig att hitta r\u00e4tt system, oavsett om det g\u00e4ller infiltration, markb\u00e4dd, trekammarbrunn eller minireningsverk.<\/p>\n<\/div><\/div>\n\n<div class=\"et_pb_heading_3 et_pb_heading et_pb_module et_flex_module\"><div class=\"et_pb_heading_container\"><h3 class=\"et_pb_module_header\">Planering och tillst\u00e5nd<\/h3><\/div><\/div>\n\n<div class=\"et_pb_text_4 et_pb_text et_pb_bg_layout_light et_pb_module et_flex_module\"><div class=\"et_pb_text_inner\"><p data-start=\"1038\" data-end=\"1116\">Vid installation av avloppsanl\u00e4ggning kr\u00e4vs i de flesta fall tillst\u00e5nd fr\u00e5n kommunen. Vi guidar dig genom processen och ser till att anl\u00e4ggningen uppfyller alla krav och riktlinjer.<\/p>\n<\/div><\/div>\n\n<div class=\"et_pb_heading_4 et_pb_heading et_pb_module et_flex_module\"><div class=\"et_pb_heading_container\"><h3 class=\"et_pb_module_header\">Installation och utf\u00f6rande<\/h3><\/div><\/div>\n\n<div class=\"et_pb_text_5 et_pb_text et_pb_bg_layout_light et_pb_module et_flex_module\"><div class=\"et_pb_text_inner\"><p data-start=\"1038\" data-end=\"1116\">Vi utf\u00f6r hela installationen fr\u00e5n start till f\u00e4rdig anl\u00e4ggning. Arbetet sker noggrant och anpassas efter platsens f\u00f6ruts\u00e4ttningar f\u00f6r att s\u00e4kerst\u00e4lla en drifts\u00e4ker och h\u00e5llbar l\u00f6sning.<\/p>\n<\/div><\/div>\n\n<div class=\"et_pb_heading_5 et_pb_heading et_pb_module et_flex_module\"><div class=\"et_pb_heading_container\"><h3 class=\"et_pb_module_header\">En l\u00e5ngsiktig investering<\/h3><\/div><\/div>\n\n<div class=\"et_pb_text_6 et_pb_text et_pb_bg_layout_light et_pb_module et_flex_module\"><div class=\"et_pb_text_inner\"><p data-start=\"1038\" data-end=\"1116\">En korrekt installerad avloppsanl\u00e4ggning ger trygghet i vardagen och bidrar till att skydda b\u00e5de fastigheten och milj\u00f6n. Vi ser till att du f\u00e5r en l\u00f6sning som fungerar p\u00e5litligt \u00f6ver tid.<\/p>\n<\/div><\/div>\n\n<div class=\"et_pb_heading_6 et_pb_heading et_pb_module et_flex_module\"><div class=\"et_pb_heading_container\"><h3 class=\"et_pb_module_header\">Certifierad kompetens<\/h3><\/div><\/div>\n\n<div class=\"et_pb_text_7 et_pb_text et_pb_bg_layout_light et_pb_module et_flex_module\"><div class=\"et_pb_text_inner\"><p data-start=\"1038\" data-end=\"1116\">Vi har utbildning och certifiering inom enskilda avlopp fr\u00e5n BAGA och Kingspan, vilket ger dig som kund en extra trygghet. Det inneb\u00e4r att vi arbetar enligt aktuella krav och rekommendationer f\u00f6r att s\u00e4kerst\u00e4lla en korrekt och h\u00e5llbar installation.<\/p>\n<\/div><\/div>\n\n<div class=\"et_pb_image_0 et_pb_image et_pb_module et_flex_module\"><span class=\"et_pb_image_wrap\"><img loading=\"lazy\" decoding=\"async\" src=\"https:\/\/fagerlonn.picknickmedia.se\/wp-content\/uploads\/2026\/04\/Baga-kingspan.jpg\" title=\"Baga kingspan\" width=\"275\" height=\"114\" srcset=\"https:\/\/fagerlonn.picknickmedia.se\/wp-content\/uploads\/2026\/04\/Baga-kingspan.jpg 275w\" sizes=\"(max-width: 275px) 100vw, 275px\" class=\"wp-image-408\" \/><\/span><\/div>\n\n<div class=\"et_pb_module et_pb_button_module_wrapper et_pb_button_0_wrapper\"><a class=\"et_pb_button_0 et_pb_button et_pb_bg_layout_light et_pb_module et_flex_module\" href=\"\" data-icon=\"=\">Kontakta oss<\/a><\/div>\n<\/div>\n\n<div class=\"et_pb_column_4 et_pb_column et-last-child et_flex_column et_pb_css_mix_blend_mode_passthrough et_flex_column_12_24 et_flex_column_12_24_tablet et_flex_column_24_24_phone\">\n<div class=\"et_pb_image_1 et_pb_image et_pb_module et_flex_module\"><span class=\"et_pb_image_wrap\"><img loading=\"lazy\" decoding=\"async\" src=\"https:\/\/fagerlonn.picknickmedia.se\/wp-content\/uploads\/2026\/04\/heavy-excavator-digging-day-light-outdoors-scaled.jpg\" title=\"heavy-excavator-digging-day-light-outdoors\" width=\"1707\" height=\"2560\" srcset=\"https:\/\/fagerlonn.picknickmedia.se\/wp-content\/uploads\/2026\/04\/heavy-excavator-digging-day-light-outdoors-scaled.jpg 1707w, https:\/\/fagerlonn.picknickmedia.se\/wp-content\/uploads\/2026\/04\/heavy-excavator-digging-day-light-outdoors-1280x1920.jpg 1280w, https:\/\/fagerlonn.picknickmedia.se\/wp-content\/uploads\/2026\/04\/heavy-excavator-digging-day-light-outdoors-980x1470.jpg 980w, https:\/\/fagerlonn.picknickmedia.se\/wp-content\/uploads\/2026\/04\/heavy-excavator-digging-day-light-outdoors-480x720.jpg 480w\" sizes=\"(min-width: 0px) and (max-width: 480px) 480px, (min-width: 481px) and (max-width: 980px) 980px, (min-width: 981px) and (max-width: 1280px) 1280px, (min-width: 1281px) 1707px, 100vw\" class=\"wp-image-390\" \/><\/span><\/div>\n<\/div>\n<\/div>\n<\/div>","protected":false},"excerpt":{"rendered":"","protected":false},"author":2,"featured_media":0,"parent":0,"menu_order":0,"comment_status":"closed","ping_status":"closed","template":"","meta":{"footnotes":""},"class_list":["post-37","page","type-page","status-publish","hentry"],"_links":{"self":[{"href":"https:\/\/fagerlonn.picknickmedia.se\/index.php\/wp-json\/wp\/v2\/pages\/37","targetHints":{"allow":["GET"]}}],"collection":[{"href":"https:\/\/fagerlonn.picknickmedia.se\/index.php\/wp-json\/wp\/v2\/pages"}],"about":[{"href":"https:\/\/fagerlonn.picknickmedia.se\/index.php\/wp-json\/wp\/v2\/types\/page"}],"author":[{"embeddable":true,"href":"https:\/\/fagerlonn.picknickmedia.se\/index.php\/wp-json\/wp\/v2\/users\/2"}],"replies":[{"embeddable":true,"href":"https:\/\/fagerlonn.picknickmedia.se\/index.php\/wp-json\/wp\/v2\/comments?post=37"}],"version-history":[{"count":5,"href":"https:\/\/fagerlonn.picknickmedia.se\/index.php\/wp-json\/wp\/v2\/pages\/37\/revisions"}],"predecessor-version":[{"id":409,"href":"https:\/\/fagerlonn.picknickmedia.se\/index.php\/wp-json\/wp\/v2\/pages\/37\/revisions\/409"}],"wp:attachment":[{"href":"https:\/\/fagerlonn.picknickmedia.se\/index.php\/wp-json\/wp\/v2\/media?parent=37"}],"curies":[{"name":"wp","href":"https:\/\/api.w.org\/{rel}","templated":true}]}}