{"id":446,"date":"2026-04-21T11:54:04","date_gmt":"2026-04-21T11:54:04","guid":{"rendered":"https:\/\/fagerlonn.picknickmedia.se\/?page_id=446"},"modified":"2026-04-21T12:45:36","modified_gmt":"2026-04-21T12:45:36","slug":"offertforfragan","status":"publish","type":"page","link":"https:\/\/fagerlonn.picknickmedia.se\/index.php\/offertforfragan\/","title":{"rendered":"Offertf\u00f6rfr\u00e5gan"},"content":{"rendered":"<div class=\"et_pb_section_0 et_pb_section et_section_regular et_block_section\">\n<div class=\"et_pb_row_0 et_pb_row et_block_row\">\n<div class=\"et_pb_column_0 et_pb_column et_pb_column_4_4 et-last-child et_block_column et_pb_css_mix_blend_mode_passthrough\">\n<div class=\"et_pb_text_0 et_pb_text et_pb_bg_layout_light et_pb_module et_block_module\"><div class=\"et_pb_text_inner\"><p><!-- wp:divi\/placeholder \/--><\/p>\n<\/div><\/div>\n<\/div>\n<\/div>\n\n<div class=\"et_pb_row_1 et_pb_row et_flex_row\">\n<div class=\"et_pb_column_1 et_pb_column et-last-child et_flex_column et_pb_css_mix_blend_mode_passthrough et_flex_column_24_24 et_flex_column_24_24_tablet et_flex_column_24_24_phone\">\n<div class=\"et_pb_heading_0 et_pb_heading et_pb_module et_flex_module\"><div class=\"et_pb_heading_container\"><h1 class=\"et_pb_module_header\">Offertf\u00f6rfr\u00e5gan<\/h1><\/div><\/div>\n<\/div>\n<\/div>\n<\/div>\n\n<div class=\"et_pb_section_1 et_pb_section et_section_regular et_flex_section\">\n<div class=\"et_pb_row_2 et_pb_row et_flex_row\">\n<div class=\"et_pb_column_2 et_pb_column et_flex_column et_pb_css_mix_blend_mode_passthrough et_flex_column_12_24 et_flex_column_12_24_tablet et_flex_column_24_24_phone\">\n<div class=\"et_pb_heading_1 et_pb_heading et_pb_module et_flex_module\"><div class=\"et_pb_heading_container\"><h2 class=\"et_pb_module_header\">Kostnadsfri offert<\/h2><\/div><\/div>\n\n<div class=\"et_pb_text_1 et_pb_text et_pb_bg_layout_light et_pb_module et_flex_module\"><div class=\"et_pb_text_inner\"><p>Skicka in en offertf\u00f6rfr\u00e5gan s\u00e5 tar vi fram ett kostnadsfritt prisf\u00f6rslag utifr\u00e5n dina behov. F\u00f6r att vi ska kunna g\u00f6ra en s\u00e5 korrekt prisuppskattning som m\u00f6jligt \u00e4r det bra om du tydligt kan beskriva vad projektet inneb\u00e4r.<\/p>\n<\/div><\/div>\n\n<div class=\"et_pb_image_0 et_pb_image et_pb_module et_flex_module\"><span class=\"et_pb_image_wrap\"><img loading=\"lazy\" decoding=\"async\" src=\"https:\/\/fagerlonn.picknickmedia.se\/wp-content\/uploads\/2026\/04\/heavy-excavator-digging-day-light-outdoors-scaled.jpg\" title=\"heavy-excavator-digging-day-light-outdoors\" width=\"1707\" height=\"2560\" srcset=\"https:\/\/fagerlonn.picknickmedia.se\/wp-content\/uploads\/2026\/04\/heavy-excavator-digging-day-light-outdoors-scaled.jpg 1707w, https:\/\/fagerlonn.picknickmedia.se\/wp-content\/uploads\/2026\/04\/heavy-excavator-digging-day-light-outdoors-1280x1920.jpg 1280w, https:\/\/fagerlonn.picknickmedia.se\/wp-content\/uploads\/2026\/04\/heavy-excavator-digging-day-light-outdoors-980x1470.jpg 980w, https:\/\/fagerlonn.picknickmedia.se\/wp-content\/uploads\/2026\/04\/heavy-excavator-digging-day-light-outdoors-480x720.jpg 480w\" sizes=\"(min-width: 0px) and (max-width: 480px) 480px, (min-width: 481px) and (max-width: 980px) 980px, (min-width: 981px) and (max-width: 1280px) 1280px, (min-width: 1281px) 1707px, 100vw\" class=\"wp-image-390\" \/><\/span><\/div>\n<\/div>\n\n<div class=\"et_pb_column_3 et_pb_column et-last-child et_flex_column et_pb_css_mix_blend_mode_passthrough et_flex_column_12_24 et_flex_column_12_24_tablet et_flex_column_24_24_phone\">\n<div class=\"et_pb_code_0 et_pb_code et_pb_module\"><div class=\"et_pb_code_inner\">\n<div class=\"wpcf7 no-js\" id=\"wpcf7-f167-o1\" lang=\"sv-SE\" dir=\"ltr\" data-wpcf7-id=\"167\">\n<div class=\"screen-reader-response\"><p role=\"status\" aria-live=\"polite\" aria-atomic=\"true\"><\/p> <ul><\/ul><\/div>\n<form action=\"\/index.php\/wp-json\/wp\/v2\/pages\/446#wpcf7-f167-o1\" method=\"post\" class=\"wpcf7-form init\" aria-label=\"Kontaktformul\u00e4r\" enctype=\"multipart\/form-data\" novalidate=\"novalidate\" data-status=\"init\">\n<fieldset class=\"hidden-fields-container\"><input type=\"hidden\" name=\"_wpcf7\" value=\"167\" \/><input type=\"hidden\" name=\"_wpcf7_version\" value=\"6.1.6\" \/><input type=\"hidden\" name=\"_wpcf7_locale\" value=\"sv_SE\" \/><input type=\"hidden\" name=\"_wpcf7_unit_tag\" value=\"wpcf7-f167-o1\" \/><input type=\"hidden\" name=\"_wpcf7_container_post\" value=\"0\" \/><input type=\"hidden\" name=\"_wpcf7_posted_data_hash\" value=\"\" \/>\n<\/fieldset>\n<p><label> Namn*<br \/>\n<span class=\"wpcf7-form-control-wrap\" data-name=\"your-name\"><input size=\"40\" maxlength=\"400\" class=\"wpcf7-form-control wpcf7-text wpcf7-validates-as-required\" aria-required=\"true\" aria-invalid=\"false\" value=\"\" type=\"text\" name=\"your-name\" \/><\/span> <\/label>\n<\/p>\n<p><label> E-post*<br \/>\n<span class=\"wpcf7-form-control-wrap\" data-name=\"your-email\"><input size=\"40\" maxlength=\"400\" class=\"wpcf7-form-control wpcf7-email wpcf7-validates-as-required wpcf7-text wpcf7-validates-as-email\" aria-required=\"true\" aria-invalid=\"false\" value=\"\" type=\"email\" name=\"your-email\" \/><\/span> <\/label>\n<\/p>\n<p><label> Telefonnummer<br \/>\n<span class=\"wpcf7-form-control-wrap\" data-name=\"your-phone\"><input size=\"40\" maxlength=\"400\" class=\"wpcf7-form-control wpcf7-tel wpcf7-text wpcf7-validates-as-tel\" aria-invalid=\"false\" value=\"\" type=\"tel\" name=\"your-phone\" \/><\/span> <\/label>\n<\/p>\n<p><label> Adress \/ Ort f\u00f6r projektet*<br \/>\n<span class=\"wpcf7-form-control-wrap\" data-name=\"your-location\"><input size=\"40\" maxlength=\"400\" class=\"wpcf7-form-control wpcf7-text wpcf7-validates-as-required\" aria-required=\"true\" aria-invalid=\"false\" value=\"\" type=\"text\" name=\"your-location\" \/><\/span> <\/label>\n<\/p>\n<p><label> Typ av arbete*<br \/>\n<span class=\"wpcf7-form-control-wrap\" data-name=\"your-service\"><select class=\"wpcf7-form-control wpcf7-select wpcf7-validates-as-required\" aria-required=\"true\" aria-invalid=\"false\" name=\"your-service\"><option value=\"Markarbete\">Markarbete<\/option><option value=\"Dr\u00e4nering\">Dr\u00e4nering<\/option><option value=\"Grundarbete\">Grundarbete<\/option><option value=\"Stens\u00e4ttning\">Stens\u00e4ttning<\/option><option value=\"Tr\u00e4dg\u00e5rd\">Tr\u00e4dg\u00e5rd<\/option><option value=\"Annat\">Annat<\/option><\/select><\/span> <\/label>\n<\/p>\n<p><label> Projektbeskrivning*<br \/>\n<span class=\"wpcf7-form-control-wrap\" data-name=\"your-message\"><textarea cols=\"40\" rows=\"10\" maxlength=\"2000\" class=\"wpcf7-form-control wpcf7-textarea wpcf7-validates-as-required\" aria-required=\"true\" aria-invalid=\"false\" placeholder=\"Beskriv kort vad du beh\u00f6ver hj\u00e4lp med...\" name=\"your-message\"><\/textarea><\/span> <\/label>\n<\/p>\n<p><label> Ungef\u00e4rlig storlek<br \/>\n<span class=\"wpcf7-form-control-wrap\" data-name=\"project-size\"><select class=\"wpcf7-form-control wpcf7-select\" aria-invalid=\"false\" name=\"project-size\"><option value=\"Litet projekt\">Litet projekt<\/option><option value=\"Medelstort projekt\">Medelstort projekt<\/option><option value=\"Stort projekt\">Stort projekt<\/option><option value=\"Vet ej\">Vet ej<\/option><\/select><\/span> <\/label>\n<\/p>\n<p><label> N\u00e4r vill du att arbetet ska utf\u00f6ras?<br \/>\n<span class=\"wpcf7-form-control-wrap\" data-name=\"timeline\"><select class=\"wpcf7-form-control wpcf7-select\" aria-invalid=\"false\" name=\"timeline\"><option value=\"S\u00e5 snart som m\u00f6jligt\">S\u00e5 snart som m\u00f6jligt<\/option><option value=\"Inom 1\u20133 m\u00e5nader\">Inom 1\u20133 m\u00e5nader<\/option><option value=\"Planerar l\u00e4ngre fram\">Planerar l\u00e4ngre fram<\/option><\/select><\/span> <\/label>\n<\/p>\n<p><label> Bifoga bilder (valfritt)<br \/>\n<span class=\"wpcf7-form-control-wrap\" data-name=\"your-file\"><input size=\"40\" class=\"wpcf7-form-control wpcf7-file\" accept=\".jpg,.jpeg,.png,.pdf\" aria-invalid=\"false\" type=\"file\" name=\"your-file\" \/><\/span> <\/label>\n<\/p>\n<p><span class=\"wpcf7-form-control-wrap\" data-name=\"your-consent\"><span class=\"wpcf7-form-control wpcf7-acceptance\"><span class=\"wpcf7-list-item\"><label><input type=\"checkbox\" name=\"your-consent\" value=\"1\" aria-invalid=\"false\" \/><span class=\"wpcf7-list-item-label\">Jag godk\u00e4nner att ni kontaktar mig ang\u00e5ende min f\u00f6rfr\u00e5gan.<\/span><\/label><\/span><\/span><\/span>\n<\/p>\n<p><input class=\"wpcf7-form-control wpcf7-submit has-spinner\" type=\"submit\" value=\"F\u00e5 kostnadsfri offert\" \/>\n<\/p><div class=\"wpcf7-response-output\" aria-hidden=\"true\"><\/div>\n<\/form>\n<\/div>\n<\/div><\/div>\n<\/div>\n<\/div>\n<\/div>","protected":false},"excerpt":{"rendered":"","protected":false},"author":2,"featured_media":0,"parent":0,"menu_order":0,"comment_status":"closed","ping_status":"closed","template":"","meta":{"footnotes":""},"class_list":["post-446","page","type-page","status-publish","hentry"],"_links":{"self":[{"href":"https:\/\/fagerlonn.picknickmedia.se\/index.php\/wp-json\/wp\/v2\/pages\/446","targetHints":{"allow":["GET"]}}],"collection":[{"href":"https:\/\/fagerlonn.picknickmedia.se\/index.php\/wp-json\/wp\/v2\/pages"}],"about":[{"href":"https:\/\/fagerlonn.picknickmedia.se\/index.php\/wp-json\/wp\/v2\/types\/page"}],"author":[{"embeddable":true,"href":"https:\/\/fagerlonn.picknickmedia.se\/index.php\/wp-json\/wp\/v2\/users\/2"}],"replies":[{"embeddable":true,"href":"https:\/\/fagerlonn.picknickmedia.se\/index.php\/wp-json\/wp\/v2\/comments?post=446"}],"version-history":[{"count":9,"href":"https:\/\/fagerlonn.picknickmedia.se\/index.php\/wp-json\/wp\/v2\/pages\/446\/revisions"}],"predecessor-version":[{"id":468,"href":"https:\/\/fagerlonn.picknickmedia.se\/index.php\/wp-json\/wp\/v2\/pages\/446\/revisions\/468"}],"wp:attachment":[{"href":"https:\/\/fagerlonn.picknickmedia.se\/index.php\/wp-json\/wp\/v2\/media?parent=446"}],"curies":[{"name":"wp","href":"https:\/\/api.w.org\/{rel}","templated":true}]}}